{"id":6,"date":"2021-05-05T09:36:27","date_gmt":"2021-05-05T09:36:27","guid":{"rendered":"https:\/\/paxetbonum.dk\/?page_id=6"},"modified":"2025-12-08T07:34:02","modified_gmt":"2025-12-08T07:34:02","slug":"the-new-umoma-opens-its-doors-2","status":"publish","type":"page","link":"https:\/\/paxetbonum.dk\/","title":{"rendered":"PAX ET BONUM"},"content":{"rendered":"\n<p class=\"has-accent-color has-subtle-background-background-color has-text-color has-background has-link-color has-large-font-size wp-elements-8e88e2b744a24ef07625fe73e3234fd9\" style=\"font-style:normal;font-weight:100\">Pax et bonum &#8211; Fred og alt godt <\/p>\n\n\n\n<div class=\"wp-block-media-text is-stacked-on-mobile\" style=\"grid-template-columns:28% auto\"><figure class=\"wp-block-media-text__media\"><img loading=\"lazy\" decoding=\"async\" width=\"760\" height=\"1024\" src=\"https:\/\/paxetbonum.dk\/wp-content\/uploads\/2025\/12\/pilgrim-760x1024.png\" alt=\"\" class=\"wp-image-666 size-full\" srcset=\"https:\/\/paxetbonum.dk\/wp-content\/uploads\/2025\/12\/pilgrim-760x1024.png 760w, https:\/\/paxetbonum.dk\/wp-content\/uploads\/2025\/12\/pilgrim-223x300.png 223w, https:\/\/paxetbonum.dk\/wp-content\/uploads\/2025\/12\/pilgrim-768x1034.png 768w, https:\/\/paxetbonum.dk\/wp-content\/uploads\/2025\/12\/pilgrim-1140x1536.png 1140w, https:\/\/paxetbonum.dk\/wp-content\/uploads\/2025\/12\/pilgrim-1200x1616.png 1200w, https:\/\/paxetbonum.dk\/wp-content\/uploads\/2025\/12\/pilgrim.png 1470w\" sizes=\"auto, (max-width: 760px) 100vw, 760px\" \/><\/figure><div class=\"wp-block-media-text__content\">\n<p>Pilgrimsvandring fra Lyskborg Danske Kirke tirsdag den 30. december kl. 13 &#8211; 16. Vandringen begynder i kirken.    Pilgrimspr\u00e6st Elisabeth Lidell leder vandringen.<\/p>\n<\/div><\/div>\n\n\n\n<blockquote class=\"wp-block-quote is-layout-flow wp-block-quote-is-layout-flow\">\n<h3 class=\"wp-block-heading\">Pilgrimsvandring<\/h3>\n\n\n\n<p>Neujahrswanderung  30.12.2025<\/p>\n\n\n\n<figure class=\"wp-block-image size-large is-resized\"><a href=\"https:\/\/paxetbonum.dk\/wp-content\/uploads\/2025\/12\/pilgerwanderung2.pdf\"><img loading=\"lazy\" decoding=\"async\" width=\"760\" height=\"1024\" src=\"https:\/\/paxetbonum.dk\/wp-content\/uploads\/2025\/12\/pilgrim-760x1024.png\" alt=\"\" class=\"wp-image-666\" style=\"aspect-ratio:0.742187345965023;width:81px;height:auto\" srcset=\"https:\/\/paxetbonum.dk\/wp-content\/uploads\/2025\/12\/pilgrim-760x1024.png 760w, https:\/\/paxetbonum.dk\/wp-content\/uploads\/2025\/12\/pilgrim-223x300.png 223w, https:\/\/paxetbonum.dk\/wp-content\/uploads\/2025\/12\/pilgrim-768x1034.png 768w, https:\/\/paxetbonum.dk\/wp-content\/uploads\/2025\/12\/pilgrim-1140x1536.png 1140w, https:\/\/paxetbonum.dk\/wp-content\/uploads\/2025\/12\/pilgrim-1200x1616.png 1200w, https:\/\/paxetbonum.dk\/wp-content\/uploads\/2025\/12\/pilgrim.png 1470w\" sizes=\"auto, (max-width: 760px) 100vw, 760px\" \/><\/a><\/figure>\n<\/blockquote>\n\n\n\n<div class=\"wp-block-columns is-layout-flex wp-container-core-columns-is-layout-9d6595d7 wp-block-columns-is-layout-flex\">\n<div class=\"wp-block-column is-layout-flow wp-block-column-is-layout-flow\" style=\"flex-basis:50%\"><div class=\"wp-block-image\">\n<figure class=\"aligncenter size-full is-resized\"><img loading=\"lazy\" decoding=\"async\" width=\"2298\" height=\"2364\" src=\"https:\/\/paxetbonum.dk\/wp-content\/uploads\/2024\/01\/VISITFORSIDE-1.png\" alt=\"\" class=\"wp-image-557\" style=\"width:308px;height:auto\" srcset=\"https:\/\/paxetbonum.dk\/wp-content\/uploads\/2024\/01\/VISITFORSIDE-1.png 2298w, https:\/\/paxetbonum.dk\/wp-content\/uploads\/2024\/01\/VISITFORSIDE-1-292x300.png 292w, https:\/\/paxetbonum.dk\/wp-content\/uploads\/2024\/01\/VISITFORSIDE-1-995x1024.png 995w, https:\/\/paxetbonum.dk\/wp-content\/uploads\/2024\/01\/VISITFORSIDE-1-768x790.png 768w, https:\/\/paxetbonum.dk\/wp-content\/uploads\/2024\/01\/VISITFORSIDE-1-1493x1536.png 1493w, https:\/\/paxetbonum.dk\/wp-content\/uploads\/2024\/01\/VISITFORSIDE-1-1991x2048.png 1991w, https:\/\/paxetbonum.dk\/wp-content\/uploads\/2024\/01\/VISITFORSIDE-1-1200x1234.png 1200w, https:\/\/paxetbonum.dk\/wp-content\/uploads\/2024\/01\/VISITFORSIDE-1-1980x2037.png 1980w\" sizes=\"auto, (max-width: 2298px) 100vw, 2298px\" \/><\/figure>\n<\/div><\/div>\n\n\n\n<div class=\"wp-block-column is-layout-flow wp-block-column-is-layout-flow\"><\/div>\n\n\n\n<div class=\"wp-block-column is-layout-flow wp-block-column-is-layout-flow\" style=\"flex-basis:50%\"><div class=\"wp-block-image\">\n<figure class=\"aligncenter size-full is-resized\"><img loading=\"lazy\" decoding=\"async\" width=\"1972\" height=\"1942\" src=\"https:\/\/paxetbonum.dk\/wp-content\/uploads\/2024\/01\/VISITbagSIDE-1.png\" alt=\"\" class=\"wp-image-559\" style=\"width:322px;height:auto\" srcset=\"https:\/\/paxetbonum.dk\/wp-content\/uploads\/2024\/01\/VISITbagSIDE-1.png 1972w, https:\/\/paxetbonum.dk\/wp-content\/uploads\/2024\/01\/VISITbagSIDE-1-300x295.png 300w, https:\/\/paxetbonum.dk\/wp-content\/uploads\/2024\/01\/VISITbagSIDE-1-1024x1008.png 1024w, https:\/\/paxetbonum.dk\/wp-content\/uploads\/2024\/01\/VISITbagSIDE-1-768x756.png 768w, https:\/\/paxetbonum.dk\/wp-content\/uploads\/2024\/01\/VISITbagSIDE-1-1536x1513.png 1536w, https:\/\/paxetbonum.dk\/wp-content\/uploads\/2024\/01\/VISITbagSIDE-1-1200x1182.png 1200w\" sizes=\"auto, (max-width: 1972px) 100vw, 1972px\" \/><\/figure>\n<\/div><\/div>\n<\/div>\n\n\n\n<p>Tag en pause \u2013 tr\u00e6k vejret \u2013 pust ud. Her p\u00e5 siden vil du finde sm\u00e5 videoer med mulighed for at holde pause et minut. Meditation, Mindfullness, afslapning. Der findes mange gode metoder til at undg\u00e5 stress. Her tilbydes blot min. <a href=\"https:\/\/paxetbonum.dk\/index.php\/om\/https:\/\/paxetbonum.dk\/index.php\/om\/\" data-type=\"link\" data-id=\"https:\/\/paxetbonum.dk\/index.php\/om\/https:\/\/paxetbonum.dk\/index.php\/om\/\">L\u00e6s mere<\/a><\/p>\n\n\n\n<figure class=\"wp-block-image size-large\"><img loading=\"lazy\" decoding=\"async\" width=\"775\" height=\"1024\" src=\"https:\/\/paxetbonum.dk\/wp-content\/uploads\/2024\/01\/IMG_2238-775x1024.jpg\" alt=\"\" class=\"wp-image-562\" srcset=\"https:\/\/paxetbonum.dk\/wp-content\/uploads\/2024\/01\/IMG_2238-775x1024.jpg 775w, https:\/\/paxetbonum.dk\/wp-content\/uploads\/2024\/01\/IMG_2238-227x300.jpg 227w, https:\/\/paxetbonum.dk\/wp-content\/uploads\/2024\/01\/IMG_2238-768x1015.jpg 768w, https:\/\/paxetbonum.dk\/wp-content\/uploads\/2024\/01\/IMG_2238-1163x1536.jpg 1163w, https:\/\/paxetbonum.dk\/wp-content\/uploads\/2024\/01\/IMG_2238-1550x2048.jpg 1550w, https:\/\/paxetbonum.dk\/wp-content\/uploads\/2024\/01\/IMG_2238-1200x1585.jpg 1200w, https:\/\/paxetbonum.dk\/wp-content\/uploads\/2024\/01\/IMG_2238-1980x2616.jpg 1980w, https:\/\/paxetbonum.dk\/wp-content\/uploads\/2024\/01\/IMG_2238-scaled.jpg 1938w\" sizes=\"auto, (max-width: 775px) 100vw, 775px\" \/><figcaption class=\"wp-element-caption\">Tag en pause, find et stykke kul og en akvarelboks. Husk, kun lidt vand og visse steder n\u00e6sten ingen farve. Dette er udsigten fra vores stue. Forrest til venstre et kraftigt besk\u00e5ret \u00e6bletr\u00e6. T\u00e6nk som Edward Munch, norsk maler: <em>Jeg maler ikke det jeg ser, men hvad jeg s\u00e5.<\/em><\/figcaption><\/figure>\n\n\n\n<figure class=\"wp-block-image size-large\"><img loading=\"lazy\" decoding=\"async\" width=\"1024\" height=\"917\" src=\"https:\/\/paxetbonum.dk\/wp-content\/uploads\/2024\/01\/akvarel1-1024x917.png\" alt=\"\" class=\"wp-image-566\" srcset=\"https:\/\/paxetbonum.dk\/wp-content\/uploads\/2024\/01\/akvarel1-1024x917.png 1024w, https:\/\/paxetbonum.dk\/wp-content\/uploads\/2024\/01\/akvarel1-300x269.png 300w, https:\/\/paxetbonum.dk\/wp-content\/uploads\/2024\/01\/akvarel1-768x688.png 768w, https:\/\/paxetbonum.dk\/wp-content\/uploads\/2024\/01\/akvarel1-1536x1376.png 1536w, https:\/\/paxetbonum.dk\/wp-content\/uploads\/2024\/01\/akvarel1-1200x1075.png 1200w, https:\/\/paxetbonum.dk\/wp-content\/uploads\/2024\/01\/akvarel1.png 1657w\" sizes=\"auto, (max-width: 1024px) 100vw, 1024px\" \/><figcaption class=\"wp-element-caption\">Da sneen ramte Danmark fik vi vand og  Schwennau blev til en s\u00f8.<\/figcaption><\/figure>\n\n\n\n<p><\/p>\n\n\n\n<figure class=\"wp-block-image alignwide size-large\"><img loading=\"lazy\" decoding=\"async\" width=\"1024\" height=\"1021\" src=\"http:\/\/paxetbonum.dk\/wp-content\/uploads\/2021\/05\/KQZJ11451-1024x1021.jpg\" alt=\"\" class=\"wp-image-37\" srcset=\"https:\/\/paxetbonum.dk\/wp-content\/uploads\/2021\/05\/KQZJ11451-1024x1021.jpg 1024w, https:\/\/paxetbonum.dk\/wp-content\/uploads\/2021\/05\/KQZJ11451-300x300.jpg 300w, https:\/\/paxetbonum.dk\/wp-content\/uploads\/2021\/05\/KQZJ11451-150x150.jpg 150w, https:\/\/paxetbonum.dk\/wp-content\/uploads\/2021\/05\/KQZJ11451-768x766.jpg 768w, https:\/\/paxetbonum.dk\/wp-content\/uploads\/2021\/05\/KQZJ11451-1536x1532.jpg 1536w, https:\/\/paxetbonum.dk\/wp-content\/uploads\/2021\/05\/KQZJ11451-2048x2043.jpg 2048w, https:\/\/paxetbonum.dk\/wp-content\/uploads\/2021\/05\/KQZJ11451-1200x1197.jpg 1200w, https:\/\/paxetbonum.dk\/wp-content\/uploads\/2021\/05\/KQZJ11451-1980x1975.jpg 1980w\" sizes=\"auto, (max-width: 1024px) 100vw, 1024px\" \/><figcaption class=\"wp-element-caption\">Flensborg fjord marts 2021<\/figcaption><\/figure>\n\n\n\n<p><\/p>\n\n\n\n<figure class=\"wp-block-video\"><video height=\"720\" style=\"aspect-ratio: 1280 \/ 720;\" width=\"1280\" controls src=\"https:\/\/paxetbonum.dk\/wp-content\/uploads\/2025\/03\/Haabet_lavere-oploesning.mp4\"><\/video><\/figure>\n","protected":false},"excerpt":{"rendered":"<p>Pax et bonum &#8211; Fred og alt godt Pilgrimsvandring fra Lyskborg Danske Kirke tirsdag den 30. december kl. 13 &#8211; 16. Vandringen begynder i kirken. Pilgrimspr\u00e6st Elisabeth Lidell leder vandringen. Tag en pause \u2013 tr\u00e6k vejret \u2013 pust ud. Her p\u00e5 siden vil du finde sm\u00e5 videoer med mulighed for at holde pause et minut. [&hellip;]<\/p>\n","protected":false},"author":1,"featured_media":0,"parent":0,"menu_order":0,"comment_status":"closed","ping_status":"closed","template":"","meta":{"footnotes":""},"class_list":["post-6","page","type-page","status-publish","hentry"],"_links":{"self":[{"href":"https:\/\/paxetbonum.dk\/index.php\/wp-json\/wp\/v2\/pages\/6","targetHints":{"allow":["GET"]}}],"collection":[{"href":"https:\/\/paxetbonum.dk\/index.php\/wp-json\/wp\/v2\/pages"}],"about":[{"href":"https:\/\/paxetbonum.dk\/index.php\/wp-json\/wp\/v2\/types\/page"}],"author":[{"embeddable":true,"href":"https:\/\/paxetbonum.dk\/index.php\/wp-json\/wp\/v2\/users\/1"}],"replies":[{"embeddable":true,"href":"https:\/\/paxetbonum.dk\/index.php\/wp-json\/wp\/v2\/comments?post=6"}],"version-history":[{"count":86,"href":"https:\/\/paxetbonum.dk\/index.php\/wp-json\/wp\/v2\/pages\/6\/revisions"}],"predecessor-version":[{"id":687,"href":"https:\/\/paxetbonum.dk\/index.php\/wp-json\/wp\/v2\/pages\/6\/revisions\/687"}],"wp:attachment":[{"href":"https:\/\/paxetbonum.dk\/index.php\/wp-json\/wp\/v2\/media?parent=6"}],"curies":[{"name":"wp","href":"https:\/\/api.w.org\/{rel}","templated":true}]}}